{"id":5,"date":"2013-02-13T13:00:14","date_gmt":"2013-02-13T13:00:14","guid":{"rendered":"http:\/\/www.godoypalacehotel.com.br\/site\/?page_id=5"},"modified":"2019-04-01T15:27:03","modified_gmt":"2019-04-01T15:27:03","slug":"conheca-o-hotel","status":"publish","type":"page","link":"https:\/\/www.godoypalacehotel.com.br\/site\/?page_id=5","title":{"rendered":"O HOTEL"},"content":{"rendered":"<h3>Godoy Palace Hotel<\/h3>\n<p>Inspirado na arquitetura Europeia, o GODOY PALACE HOTEL conta com 42 apartamentos luxo e 2 su\u00edtes m\u00e1ster, todos equipados com ar condicionado Split, tv LED 32\u201d, canais de tv por assinatura, internet Wi-fi, estacionamento privativo, elevador, salas de reuni\u00f5es e completo caf\u00e9 da manh\u00e3 colonial, com bel\u00edssima vista panor\u00e2mica da Cidade.<\/p>\n<p>Sua equipe de colaboradores est\u00e1 treinada para fazer com que o h\u00f3spede fique \u00e0 vontade e se sinta em casa.<\/p>\n<div><\/div>\n<div>\n<h3><a style=\"font-family: 'Open Sans', sans-serif; font-size: 15px; line-height: 24.2999992370605px; font-style: normal; font-variant: normal; letter-spacing: normal;\" href=\"http:\/\/www.godoypalacehotel.com.br\/site\/wp-content\/uploads\/2013\/05\/hotel3.jpg\"><img decoding=\"async\" loading=\"lazy\" class=\"size-medium wp-image-8 alignnone\" style=\"padding: 5.265625px;\" src=\"http:\/\/www.godoypalacehotel.com.br\/site\/wp-content\/uploads\/2013\/05\/hotel3-300x225.jpg\" alt=\"Godoy Palace Hotel\" width=\"300\" height=\"225\" srcset=\"https:\/\/www.godoypalacehotel.com.br\/site\/wp-content\/uploads\/2013\/05\/hotel3-300x225.jpg 300w, https:\/\/www.godoypalacehotel.com.br\/site\/wp-content\/uploads\/2013\/05\/hotel3-1024x768.jpg 1024w, https:\/\/www.godoypalacehotel.com.br\/site\/wp-content\/uploads\/2013\/05\/hotel3.jpg 1600w\" sizes=\"(max-width: 300px) 100vw, 300px\" \/><\/a>&nbsp;&nbsp;<a href=\"http:\/\/www.godoypalacehotel.com.br\/site\/wp-content\/uploads\/2013\/06\/hotel1.jpg\"><img decoding=\"async\" loading=\"lazy\" class=\"alignnone size-medium wp-image-45\" src=\"http:\/\/www.godoypalacehotel.com.br\/site\/wp-content\/uploads\/2013\/06\/hotel1-300x200.jpg\" alt=\"hotel1\" width=\"300\" height=\"200\" srcset=\"https:\/\/www.godoypalacehotel.com.br\/site\/wp-content\/uploads\/2013\/06\/hotel1-300x200.jpg 300w, https:\/\/www.godoypalacehotel.com.br\/site\/wp-content\/uploads\/2013\/06\/hotel1.jpg 539w\" sizes=\"(max-width: 300px) 100vw, 300px\" \/><\/a><\/h3>\n<\/div>\n<div><\/div>\n","protected":false},"excerpt":{"rendered":"<p>Godoy Palace Hotel Inspirado na arquitetura Europeia, o GODOY PALACE HOTEL conta com 42 apartamentos luxo e 2 su\u00edtes m\u00e1ster, todos equipados com ar condicionado Split, tv LED 32\u201d, canais de tv por assinatura, internet Wi-fi, estacionamento privativo, elevador, salas de reuni\u00f5es e completo caf\u00e9 da manh\u00e3 colonial, com bel\u00edssima &#8230;<\/p>\n","protected":false},"author":1,"featured_media":0,"parent":0,"menu_order":2,"comment_status":"closed","ping_status":"open","template":"","meta":[],"_links":{"self":[{"href":"https:\/\/www.godoypalacehotel.com.br\/site\/index.php?rest_route=\/wp\/v2\/pages\/5"}],"collection":[{"href":"https:\/\/www.godoypalacehotel.com.br\/site\/index.php?rest_route=\/wp\/v2\/pages"}],"about":[{"href":"https:\/\/www.godoypalacehotel.com.br\/site\/index.php?rest_route=\/wp\/v2\/types\/page"}],"author":[{"embeddable":true,"href":"https:\/\/www.godoypalacehotel.com.br\/site\/index.php?rest_route=\/wp\/v2\/users\/1"}],"replies":[{"embeddable":true,"href":"https:\/\/www.godoypalacehotel.com.br\/site\/index.php?rest_route=%2Fwp%2Fv2%2Fcomments&post=5"}],"version-history":[{"count":29,"href":"https:\/\/www.godoypalacehotel.com.br\/site\/index.php?rest_route=\/wp\/v2\/pages\/5\/revisions"}],"predecessor-version":[{"id":5569,"href":"https:\/\/www.godoypalacehotel.com.br\/site\/index.php?rest_route=\/wp\/v2\/pages\/5\/revisions\/5569"}],"wp:attachment":[{"href":"https:\/\/www.godoypalacehotel.com.br\/site\/index.php?rest_route=%2Fwp%2Fv2%2Fmedia&parent=5"}],"curies":[{"name":"wp","href":"https:\/\/api.w.org\/{rel}","templated":true}]}}