{"id":269,"date":"2014-02-14T22:03:01","date_gmt":"2014-02-14T22:03:01","guid":{"rendered":"http:\/\/www.godoypalacehotel.com.br\/site\/?page_id=269"},"modified":"2019-04-01T15:27:38","modified_gmt":"2019-04-01T15:27:38","slug":"fotos-2","status":"publish","type":"page","link":"https:\/\/www.godoypalacehotel.com.br\/site\/?page_id=269","title":{"rendered":"FOTOS"},"content":{"rendered":"<p><a href=\"http:\/\/www.godoypalacehotel.com.br\/site\/wp-content\/uploads\/2014\/11\/img425.jpg\"><img decoding=\"async\" loading=\"lazy\" class=\"alignnone size-medium wp-image-333\" src=\"http:\/\/www.godoypalacehotel.com.br\/site\/wp-content\/uploads\/2014\/11\/img425-300x212.jpg\" alt=\"img425\" width=\"300\" height=\"212\" srcset=\"https:\/\/www.godoypalacehotel.com.br\/site\/wp-content\/uploads\/2014\/11\/img425-300x212.jpg 300w, https:\/\/www.godoypalacehotel.com.br\/site\/wp-content\/uploads\/2014\/11\/img425-1024x725.jpg 1024w, https:\/\/www.godoypalacehotel.com.br\/site\/wp-content\/uploads\/2014\/11\/img425-700x495.jpg 700w, https:\/\/www.godoypalacehotel.com.br\/site\/wp-content\/uploads\/2014\/11\/img425-332x235.jpg 332w\" sizes=\"(max-width: 300px) 100vw, 300px\" \/><\/a>RECONHECIMENTO<\/p>\n<p><a style=\"font-weight: 600;\" href=\"http:\/\/www.godoypalacehotel.com.br\/site\/wp-content\/uploads\/2014\/11\/13166003_1069042993142143_4989443794675497075_n.jpg\"><img decoding=\"async\" loading=\"lazy\" class=\"size-medium wp-image-318 \" src=\"http:\/\/www.godoypalacehotel.com.br\/site\/wp-content\/uploads\/2014\/11\/13166003_1069042993142143_4989443794675497075_n-168x300.jpg\" alt=\"CANTOR OSVALDO MONTENEGRO\" width=\"168\" height=\"300\" srcset=\"https:\/\/www.godoypalacehotel.com.br\/site\/wp-content\/uploads\/2014\/11\/13166003_1069042993142143_4989443794675497075_n-168x300.jpg 168w, https:\/\/www.godoypalacehotel.com.br\/site\/wp-content\/uploads\/2014\/11\/13166003_1069042993142143_4989443794675497075_n-332x590.jpg 332w, https:\/\/www.godoypalacehotel.com.br\/site\/wp-content\/uploads\/2014\/11\/13166003_1069042993142143_4989443794675497075_n.jpg 540w\" sizes=\"(max-width: 168px) 100vw, 168px\" \/><\/a>\u00a0CANTOR OSVALDO MONTENEGRO<\/p>\n<figure id=\"attachment_320\" aria-describedby=\"caption-attachment-320\" style=\"width: 300px\" class=\"wp-caption alignnone\"><a href=\"http:\/\/www.godoypalacehotel.com.br\/site\/wp-content\/uploads\/2014\/11\/12592382_953953561391802_2654357138105204495_n.jpg\"><img decoding=\"async\" loading=\"lazy\" class=\"size-medium wp-image-320\" src=\"http:\/\/www.godoypalacehotel.com.br\/site\/wp-content\/uploads\/2014\/11\/12592382_953953561391802_2654357138105204495_n-300x168.jpg\" alt=\"Os atores: Fernanda Vasconcelos e Cassio Reis\" width=\"300\" height=\"168\" srcset=\"https:\/\/www.godoypalacehotel.com.br\/site\/wp-content\/uploads\/2014\/11\/12592382_953953561391802_2654357138105204495_n-300x168.jpg 300w, https:\/\/www.godoypalacehotel.com.br\/site\/wp-content\/uploads\/2014\/11\/12592382_953953561391802_2654357138105204495_n-700x393.jpg 700w, https:\/\/www.godoypalacehotel.com.br\/site\/wp-content\/uploads\/2014\/11\/12592382_953953561391802_2654357138105204495_n-332x186.jpg 332w, https:\/\/www.godoypalacehotel.com.br\/site\/wp-content\/uploads\/2014\/11\/12592382_953953561391802_2654357138105204495_n.jpg 960w\" sizes=\"(max-width: 300px) 100vw, 300px\" \/><\/a><figcaption id=\"caption-attachment-320\" class=\"wp-caption-text\">Os atores: Fernanda Vasconcelos e Cassio Reis<\/figcaption><\/figure>\n<p><a href=\"http:\/\/www.godoypalacehotel.com.br\/site\/wp-content\/uploads\/2014\/11\/Marcelo-Serrado.jpg\"><img decoding=\"async\" loading=\"lazy\" class=\"alignnone size-medium wp-image-310\" src=\"http:\/\/www.godoypalacehotel.com.br\/site\/wp-content\/uploads\/2014\/11\/Marcelo-Serrado-225x300.jpg\" alt=\"Marcelo Serrado\" width=\"225\" height=\"300\" srcset=\"https:\/\/www.godoypalacehotel.com.br\/site\/wp-content\/uploads\/2014\/11\/Marcelo-Serrado-225x300.jpg 225w, https:\/\/www.godoypalacehotel.com.br\/site\/wp-content\/uploads\/2014\/11\/Marcelo-Serrado.jpg 240w\" sizes=\"(max-width: 225px) 100vw, 225px\" \/><\/a>Ator MARCELO SERRADO &#8211; o inesquec\u00edvel CR\u00d4<\/p>\n<figure id=\"attachment_307\" aria-describedby=\"caption-attachment-307\" style=\"width: 224px\" class=\"wp-caption alignnone\"><a href=\"http:\/\/www.godoypalacehotel.com.br\/site\/wp-content\/uploads\/2014\/11\/Antonio-Fagundes-a.jpg\"><img decoding=\"async\" loading=\"lazy\" class=\"size-medium wp-image-307\" src=\"http:\/\/www.godoypalacehotel.com.br\/site\/wp-content\/uploads\/2014\/11\/Antonio-Fagundes-a-224x300.jpg\" alt=\"Apoio Cultural - Pe\u00e7a Teatral TRIBOS com ANTONIO FAGUNDES\" width=\"224\" height=\"300\" srcset=\"https:\/\/www.godoypalacehotel.com.br\/site\/wp-content\/uploads\/2014\/11\/Antonio-Fagundes-a-224x300.jpg 224w, https:\/\/www.godoypalacehotel.com.br\/site\/wp-content\/uploads\/2014\/11\/Antonio-Fagundes-a-332x444.jpg 332w, https:\/\/www.godoypalacehotel.com.br\/site\/wp-content\/uploads\/2014\/11\/Antonio-Fagundes-a.jpg 478w\" sizes=\"(max-width: 224px) 100vw, 224px\" \/><\/a><figcaption id=\"caption-attachment-307\" class=\"wp-caption-text\">Apoio Cultural &#8211; Pe\u00e7a Teatral TRIBOS com ANTONIO FAGUNDES<\/figcaption><\/figure>\n<p><a href=\"http:\/\/www.godoypalacehotel.com.br\/site\/wp-content\/uploads\/2013\/07\/Raimundos-3.jpg\"><img decoding=\"async\" loading=\"lazy\" class=\"alignnone size-medium wp-image-257\" src=\"http:\/\/www.godoypalacehotel.com.br\/site\/wp-content\/uploads\/2013\/07\/Raimundos-3-300x300.jpg\" alt=\"Raimundos 3\" width=\"300\" height=\"300\" srcset=\"https:\/\/www.godoypalacehotel.com.br\/site\/wp-content\/uploads\/2013\/07\/Raimundos-3-300x300.jpg 300w, https:\/\/www.godoypalacehotel.com.br\/site\/wp-content\/uploads\/2013\/07\/Raimundos-3-150x150.jpg 150w, https:\/\/www.godoypalacehotel.com.br\/site\/wp-content\/uploads\/2013\/07\/Raimundos-3-1024x1024.jpg 1024w, https:\/\/www.godoypalacehotel.com.br\/site\/wp-content\/uploads\/2013\/07\/Raimundos-3-700x700.jpg 700w, https:\/\/www.godoypalacehotel.com.br\/site\/wp-content\/uploads\/2013\/07\/Raimundos-3-332x332.jpg 332w, https:\/\/www.godoypalacehotel.com.br\/site\/wp-content\/uploads\/2013\/07\/Raimundos-3-432x432.jpg 432w, https:\/\/www.godoypalacehotel.com.br\/site\/wp-content\/uploads\/2013\/07\/Raimundos-3-268x268.jpg 268w, https:\/\/www.godoypalacehotel.com.br\/site\/wp-content\/uploads\/2013\/07\/Raimundos-3.jpg 1736w\" sizes=\"(max-width: 300px) 100vw, 300px\" \/><\/a>\u00a0 \u00a0OS RAIMUNDOS<\/p>\n<p><a href=\"http:\/\/www.godoypalacehotel.com.br\/site\/wp-content\/uploads\/2013\/07\/ZINHO-B.jpg\"><img decoding=\"async\" loading=\"lazy\" class=\"alignnone size-medium wp-image-235\" src=\"http:\/\/www.godoypalacehotel.com.br\/site\/wp-content\/uploads\/2013\/07\/ZINHO-B-300x186.jpg\" alt=\"ZINHO B\" width=\"300\" height=\"186\" srcset=\"https:\/\/www.godoypalacehotel.com.br\/site\/wp-content\/uploads\/2013\/07\/ZINHO-B-300x186.jpg 300w, https:\/\/www.godoypalacehotel.com.br\/site\/wp-content\/uploads\/2013\/07\/ZINHO-B-1024x637.jpg 1024w, https:\/\/www.godoypalacehotel.com.br\/site\/wp-content\/uploads\/2013\/07\/ZINHO-B-700x435.jpg 700w, https:\/\/www.godoypalacehotel.com.br\/site\/wp-content\/uploads\/2013\/07\/ZINHO-B-332x206.jpg 332w\" sizes=\"(max-width: 300px) 100vw, 300px\" \/><\/a>\u00a0JOGADOR CAMPE\u00c3O MUNDIAL ZINHO &#8211; CRAQUE<\/p>\n<p><a href=\"http:\/\/www.godoypalacehotel.com.br\/site\/wp-content\/uploads\/2013\/07\/Marcos-Assun\u00e7\u00e3o.jpg\"><img decoding=\"async\" loading=\"lazy\" class=\"alignnone  wp-image-237\" src=\"http:\/\/www.godoypalacehotel.com.br\/site\/wp-content\/uploads\/2013\/07\/Marcos-Assun\u00e7\u00e3o.jpg\" alt=\"Marcos Assun\u00e7\u00e3o\" width=\"336\" height=\"251\" \/><\/a>JOGADOR MARCOS ASSUN\u00c7\u00c3O<\/p>\n<p><a href=\"http:\/\/www.godoypalacehotel.com.br\/site\/wp-content\/uploads\/2013\/07\/Edu-Dracena-a.jpg\"><img decoding=\"async\" loading=\"lazy\" class=\"alignnone size-medium wp-image-236\" src=\"http:\/\/www.godoypalacehotel.com.br\/site\/wp-content\/uploads\/2013\/07\/Edu-Dracena-a-253x300.jpg\" alt=\"Edu Dracena a\" width=\"253\" height=\"300\" srcset=\"https:\/\/www.godoypalacehotel.com.br\/site\/wp-content\/uploads\/2013\/07\/Edu-Dracena-a-253x300.jpg 253w, https:\/\/www.godoypalacehotel.com.br\/site\/wp-content\/uploads\/2013\/07\/Edu-Dracena-a-864x1024.jpg 864w, https:\/\/www.godoypalacehotel.com.br\/site\/wp-content\/uploads\/2013\/07\/Edu-Dracena-a-700x829.jpg 700w, https:\/\/www.godoypalacehotel.com.br\/site\/wp-content\/uploads\/2013\/07\/Edu-Dracena-a-332x393.jpg 332w, https:\/\/www.godoypalacehotel.com.br\/site\/wp-content\/uploads\/2013\/07\/Edu-Dracena-a.jpg 1257w\" sizes=\"(max-width: 253px) 100vw, 253px\" \/><\/a>EDU DRACENA &#8211; ZAGUEIRO DA SELE\u00c7\u00c3O BRASILEIRA<\/p>\n<p><a href=\"http:\/\/www.godoypalacehotel.com.br\/site\/wp-content\/uploads\/2013\/07\/Thiago-Ribeiro.jpg\"><img decoding=\"async\" loading=\"lazy\" class=\"alignnone  wp-image-242\" src=\"http:\/\/www.godoypalacehotel.com.br\/site\/wp-content\/uploads\/2013\/07\/Thiago-Ribeiro.jpg\" alt=\"Thiago Ribeiro\" width=\"336\" height=\"251\" \/><\/a>GOLEADOR THIAGO RIBEIRO<\/p>\n<p><a href=\"http:\/\/www.godoypalacehotel.com.br\/site\/wp-content\/uploads\/2013\/07\/Fernanda-de-Freitas.jpg\"><img decoding=\"async\" loading=\"lazy\" class=\"alignnone  wp-image-221\" src=\"http:\/\/www.godoypalacehotel.com.br\/site\/wp-content\/uploads\/2013\/07\/Fernanda-de-Freitas.jpg\" alt=\"Atriz Global FERNANDA FREITAS\" width=\"251\" height=\"336\" \/><\/a>ATRIZ GLOBAL FERNANDA FERNANDES<\/p>\n<figure id=\"attachment_196\" aria-describedby=\"caption-attachment-196\" style=\"width: 300px\" class=\"wp-caption alignnone\"><a href=\"http:\/\/www.godoypalacehotel.com.br\/site\/wp-content\/uploads\/2013\/07\/foto.jpg\"><img decoding=\"async\" loading=\"lazy\" class=\"size-medium wp-image-196\" src=\"http:\/\/www.godoypalacehotel.com.br\/site\/wp-content\/uploads\/2013\/07\/foto-300x224.jpg\" alt=\"Padre Altino\" width=\"300\" height=\"224\" srcset=\"https:\/\/www.godoypalacehotel.com.br\/site\/wp-content\/uploads\/2013\/07\/foto-300x224.jpg 300w, https:\/\/www.godoypalacehotel.com.br\/site\/wp-content\/uploads\/2013\/07\/foto-1024x764.jpg 1024w, https:\/\/www.godoypalacehotel.com.br\/site\/wp-content\/uploads\/2013\/07\/foto-700x522.jpg 700w, https:\/\/www.godoypalacehotel.com.br\/site\/wp-content\/uploads\/2013\/07\/foto-332x247.jpg 332w\" sizes=\"(max-width: 300px) 100vw, 300px\" \/><\/a><figcaption id=\"caption-attachment-196\" class=\"wp-caption-text\">Padre Altino<\/figcaption><\/figure>\n<p><a href=\"http:\/\/www.godoypalacehotel.com.br\/site\/wp-content\/uploads\/2013\/07\/Felipe-Falc\u00e3o-1.jpg\"><img decoding=\"async\" loading=\"lazy\" class=\"alignnone  wp-image-145\" src=\"http:\/\/www.godoypalacehotel.com.br\/site\/wp-content\/uploads\/2013\/07\/Felipe-Falc\u00e3o-1.jpg\" alt=\"Dupla Sertaneja FELIPE E FALC\u00c3O\" width=\"336\" height=\"251\" \/><\/a>\u00a0OS SERTANEJOS FELIPE E FALC\u00c3O<\/p>\n<figure id=\"attachment_9\" aria-describedby=\"caption-attachment-9\" style=\"width: 300px\" class=\"wp-caption alignnone\"><a href=\"http:\/\/www.godoypalacehotel.com.br\/site\/wp-content\/uploads\/2013\/05\/hotel4.jpg\"><img decoding=\"async\" loading=\"lazy\" class=\"size-medium wp-image-9\" src=\"http:\/\/www.godoypalacehotel.com.br\/site\/wp-content\/uploads\/2013\/05\/hotel4-300x225.jpg\" alt=\"TUP\u00c3 Prefeito Municipal de P. Prudente\" width=\"300\" height=\"225\" srcset=\"https:\/\/www.godoypalacehotel.com.br\/site\/wp-content\/uploads\/2013\/05\/hotel4-300x225.jpg 300w, https:\/\/www.godoypalacehotel.com.br\/site\/wp-content\/uploads\/2013\/05\/hotel4.jpg 640w\" sizes=\"(max-width: 300px) 100vw, 300px\" \/><\/a><figcaption id=\"caption-attachment-9\" class=\"wp-caption-text\">TUP\u00c3 Prefeito Municipal de P. Prudente<\/figcaption><\/figure>\n<p><a href=\"http:\/\/www.godoypalacehotel.com.br\/site\/wp-content\/uploads\/2013\/07\/20141113_233247.jpg\"><img decoding=\"async\" loading=\"lazy\" class=\"alignnone size-medium wp-image-266\" src=\"http:\/\/www.godoypalacehotel.com.br\/site\/wp-content\/uploads\/2013\/07\/20141113_233247-225x300.jpg\" alt=\"20141113_233247\" width=\"225\" height=\"300\" srcset=\"https:\/\/www.godoypalacehotel.com.br\/site\/wp-content\/uploads\/2013\/07\/20141113_233247-225x300.jpg 225w, https:\/\/www.godoypalacehotel.com.br\/site\/wp-content\/uploads\/2013\/07\/20141113_233247-768x1024.jpg 768w, https:\/\/www.godoypalacehotel.com.br\/site\/wp-content\/uploads\/2013\/07\/20141113_233247-700x933.jpg 700w, https:\/\/www.godoypalacehotel.com.br\/site\/wp-content\/uploads\/2013\/07\/20141113_233247-332x442.jpg 332w, https:\/\/www.godoypalacehotel.com.br\/site\/wp-content\/uploads\/2013\/07\/20141113_233247.jpg 1536w\" sizes=\"(max-width: 225px) 100vw, 225px\" \/><\/a><a href=\"http:\/\/www.godoypalacehotel.com.br\/site\/wp-content\/uploads\/2013\/07\/20141114_152214.jpg\"><img decoding=\"async\" loading=\"lazy\" class=\"alignnone size-medium wp-image-267\" src=\"http:\/\/www.godoypalacehotel.com.br\/site\/wp-content\/uploads\/2013\/07\/20141114_152214-225x300.jpg\" alt=\"20141114_152214\" width=\"225\" height=\"300\" srcset=\"https:\/\/www.godoypalacehotel.com.br\/site\/wp-content\/uploads\/2013\/07\/20141114_152214-225x300.jpg 225w, https:\/\/www.godoypalacehotel.com.br\/site\/wp-content\/uploads\/2013\/07\/20141114_152214-768x1024.jpg 768w, https:\/\/www.godoypalacehotel.com.br\/site\/wp-content\/uploads\/2013\/07\/20141114_152214-700x933.jpg 700w, https:\/\/www.godoypalacehotel.com.br\/site\/wp-content\/uploads\/2013\/07\/20141114_152214-332x442.jpg 332w, https:\/\/www.godoypalacehotel.com.br\/site\/wp-content\/uploads\/2013\/07\/20141114_152214.jpg 1536w\" sizes=\"(max-width: 225px) 100vw, 225px\" \/><\/a>\u00a0 \u00a0 \u00a0 \u00a0 \u00a0 \u00a0 \u00a0 \u00a0 \u00a0 \u00a0 \u00a0 \u00a0 \u00a0 \u00a0 \u00a0 \u00a0 \u00a0 \u00a0 \u00a0 \u00a0 \u00a0 \u00a0 \u00a0\u00a0CANTOR EDUARDO COSTA<\/p>\n<p><a href=\"http:\/\/www.godoypalacehotel.com.br\/site\/wp-content\/uploads\/2013\/07\/Governador-Amambay.jpg\"><img decoding=\"async\" loading=\"lazy\" class=\"alignnone  wp-image-222\" src=\"http:\/\/www.godoypalacehotel.com.br\/site\/wp-content\/uploads\/2013\/07\/Governador-Amambay.jpg\" alt=\"Governador do Departamento de Amambay, no Paraguai\" width=\"336\" height=\"251\" \/><\/a>COMITIVA DO GOVERNADOR DO DISTRITO DE AMAMBAY, NO PARAGUAY<\/p>\n<p><a href=\"http:\/\/www.godoypalacehotel.com.br\/site\/wp-content\/uploads\/2013\/07\/aa.jpg\"><img decoding=\"async\" loading=\"lazy\" class=\"alignnone size-medium wp-image-198\" src=\"http:\/\/www.godoypalacehotel.com.br\/site\/wp-content\/uploads\/2013\/07\/aa-300x224.jpg\" alt=\"aa\" width=\"300\" height=\"224\" srcset=\"https:\/\/www.godoypalacehotel.com.br\/site\/wp-content\/uploads\/2013\/07\/aa-300x224.jpg 300w, https:\/\/www.godoypalacehotel.com.br\/site\/wp-content\/uploads\/2013\/07\/aa-1024x764.jpg 1024w, https:\/\/www.godoypalacehotel.com.br\/site\/wp-content\/uploads\/2013\/07\/aa-700x522.jpg 700w, https:\/\/www.godoypalacehotel.com.br\/site\/wp-content\/uploads\/2013\/07\/aa-332x247.jpg 332w\" sizes=\"(max-width: 300px) 100vw, 300px\" \/><\/a><\/p>\n<p><a href=\"http:\/\/www.godoypalacehotel.com.br\/site\/wp-content\/uploads\/2013\/07\/Marco-Brasil.jpg\"><img decoding=\"async\" loading=\"lazy\" class=\"alignnone  wp-image-135\" src=\"http:\/\/www.godoypalacehotel.com.br\/site\/wp-content\/uploads\/2013\/07\/Marco-Brasil.jpg\" alt=\"MARCO BRASIL Locutor de rodeio\" width=\"336\" height=\"251\" \/><\/a>LOCUTOR DE RODEIOS MARCO BRASIL<\/p>\n","protected":false},"excerpt":{"rendered":"<p>RECONHECIMENTO \u00a0CANTOR OSVALDO MONTENEGRO Ator MARCELO SERRADO &#8211; o inesquec\u00edvel CR\u00d4 \u00a0 \u00a0OS RAIMUNDOS \u00a0JOGADOR CAMPE\u00c3O MUNDIAL ZINHO &#8211; CRAQUE JOGADOR MARCOS ASSUN\u00c7\u00c3O EDU DRACENA &#8211; ZAGUEIRO DA SELE\u00c7\u00c3O BRASILEIRA GOLEADOR THIAGO RIBEIRO ATRIZ GLOBAL FERNANDA FERNANDES \u00a0OS SERTANEJOS FELIPE E FALC\u00c3O \u00a0 \u00a0 \u00a0 \u00a0 \u00a0 \u00a0 \u00a0 \u00a0 &#8230;<\/p>\n","protected":false},"author":1,"featured_media":0,"parent":0,"menu_order":4,"comment_status":"closed","ping_status":"open","template":"","meta":[],"_links":{"self":[{"href":"https:\/\/www.godoypalacehotel.com.br\/site\/index.php?rest_route=\/wp\/v2\/pages\/269"}],"collection":[{"href":"https:\/\/www.godoypalacehotel.com.br\/site\/index.php?rest_route=\/wp\/v2\/pages"}],"about":[{"href":"https:\/\/www.godoypalacehotel.com.br\/site\/index.php?rest_route=\/wp\/v2\/types\/page"}],"author":[{"embeddable":true,"href":"https:\/\/www.godoypalacehotel.com.br\/site\/index.php?rest_route=\/wp\/v2\/users\/1"}],"replies":[{"embeddable":true,"href":"https:\/\/www.godoypalacehotel.com.br\/site\/index.php?rest_route=%2Fwp%2Fv2%2Fcomments&post=269"}],"version-history":[{"count":2,"href":"https:\/\/www.godoypalacehotel.com.br\/site\/index.php?rest_route=\/wp\/v2\/pages\/269\/revisions"}],"predecessor-version":[{"id":5571,"href":"https:\/\/www.godoypalacehotel.com.br\/site\/index.php?rest_route=\/wp\/v2\/pages\/269\/revisions\/5571"}],"wp:attachment":[{"href":"https:\/\/www.godoypalacehotel.com.br\/site\/index.php?rest_route=%2Fwp%2Fv2%2Fmedia&parent=269"}],"curies":[{"name":"wp","href":"https:\/\/api.w.org\/{rel}","templated":true}]}}