{"id":120,"date":"2013-02-03T18:59:28","date_gmt":"2013-02-03T18:59:28","guid":{"rendered":"http:\/\/www.godoypalacehotel.com.br\/site\/?page_id=120"},"modified":"2019-04-01T15:27:46","modified_gmt":"2019-04-01T15:27:46","slug":"estrutura","status":"publish","type":"page","link":"https:\/\/www.godoypalacehotel.com.br\/site\/?page_id=120","title":{"rendered":"LOCALIZA\u00c7\u00c3O"},"content":{"rendered":"<p>Estrategicamente localizado no principal acesso a cidade, em \u00e1rea urbana, altura do km 570 da rodovia Raposo Tavares (SP-270), facilitando o acesso tanto ao centro da cidade como as principais &nbsp;rodovias da regi\u00e3o.<\/p>\n<p>Presidente Prudente, SP<br \/>\nAv. Ant\u00f4nio Moreno Manzano (antiga Marginal A), n. 38<br \/>\nTelefone: <b>(18) 3906-9900<\/b><\/p>\n<p><a href=\"http:\/\/www.godoypalacehotel.com.br\/site\/wp-content\/uploads\/2013\/07\/mapa.png\"><img decoding=\"async\" loading=\"lazy\" class=\"alignnone size-medium wp-image-155\" alt=\"mapa\" src=\"http:\/\/www.godoypalacehotel.com.br\/site\/wp-content\/uploads\/2013\/07\/mapa-300x188.png\" width=\"300\" height=\"188\" srcset=\"https:\/\/www.godoypalacehotel.com.br\/site\/wp-content\/uploads\/2013\/07\/mapa-300x188.png 300w, https:\/\/www.godoypalacehotel.com.br\/site\/wp-content\/uploads\/2013\/07\/mapa-700x438.png 700w, https:\/\/www.godoypalacehotel.com.br\/site\/wp-content\/uploads\/2013\/07\/mapa-332x208.png 332w, https:\/\/www.godoypalacehotel.com.br\/site\/wp-content\/uploads\/2013\/07\/mapa.png 820w\" sizes=\"(max-width: 300px) 100vw, 300px\" \/><\/a><\/p>\n","protected":false},"excerpt":{"rendered":"<p>Estrategicamente localizado no principal acesso a cidade, em \u00e1rea urbana, altura do km 570 da rodovia Raposo Tavares (SP-270), facilitando o acesso tanto ao centro da cidade como as principais &nbsp;rodovias da regi\u00e3o. Presidente Prudente, SP Av. Ant\u00f4nio Moreno Manzano (antiga Marginal A), n. 38 Telefone: (18) 3906-9900<\/p>\n","protected":false},"author":1,"featured_media":0,"parent":0,"menu_order":5,"comment_status":"closed","ping_status":"open","template":"","meta":[],"_links":{"self":[{"href":"https:\/\/www.godoypalacehotel.com.br\/site\/index.php?rest_route=\/wp\/v2\/pages\/120"}],"collection":[{"href":"https:\/\/www.godoypalacehotel.com.br\/site\/index.php?rest_route=\/wp\/v2\/pages"}],"about":[{"href":"https:\/\/www.godoypalacehotel.com.br\/site\/index.php?rest_route=\/wp\/v2\/types\/page"}],"author":[{"embeddable":true,"href":"https:\/\/www.godoypalacehotel.com.br\/site\/index.php?rest_route=\/wp\/v2\/users\/1"}],"replies":[{"embeddable":true,"href":"https:\/\/www.godoypalacehotel.com.br\/site\/index.php?rest_route=%2Fwp%2Fv2%2Fcomments&post=120"}],"version-history":[{"count":10,"href":"https:\/\/www.godoypalacehotel.com.br\/site\/index.php?rest_route=\/wp\/v2\/pages\/120\/revisions"}],"predecessor-version":[{"id":5572,"href":"https:\/\/www.godoypalacehotel.com.br\/site\/index.php?rest_route=\/wp\/v2\/pages\/120\/revisions\/5572"}],"wp:attachment":[{"href":"https:\/\/www.godoypalacehotel.com.br\/site\/index.php?rest_route=%2Fwp%2Fv2%2Fmedia&parent=120"}],"curies":[{"name":"wp","href":"https:\/\/api.w.org\/{rel}","templated":true}]}}